{"id":1850,"date":"2026-02-18T16:29:14","date_gmt":"2026-02-18T15:29:14","guid":{"rendered":"https:\/\/joannamaeyens.com\/?post_type=product&#038;p=1850"},"modified":"2026-02-18T16:34:02","modified_gmt":"2026-02-18T15:34:02","slug":"raven-totem-tirage-dart","status":"publish","type":"product","link":"https:\/\/joannamaeyens.com\/?product=raven-totem-tirage-dart","title":{"rendered":"Sous la pluie \/\/ Tirage d&#8217;Art"},"content":{"rendered":"<p>&nbsp;<\/p>\n<p>Tirage d&#8217;art format A4<\/p>\n<ul>\n<li>310 g\/m\u00b2<\/li>\n<li>Papier d&#8217;art \u00e0 texture feutr\u00e9e, aux blancs cr\u00e9meux \u00e0 l&#8217;aspect mat aux noirs riches et profonds.<\/li>\n<\/ul>\n<p>Sign\u00e9 et num\u00e9rot\u00e9 sur 12 exemplaires.<\/p>\n<p>Fine Art print on matt paper \/\/ Numbered to 12 copies and signed.<\/p>\n","protected":false},"excerpt":{"rendered":"<p>&nbsp; Tirage d&#8217;art format A4 310 g\/m\u00b2 Papier d&#8217;art \u00e0 texture feutr\u00e9e, aux blancs cr\u00e9meux \u00e0 l&#8217;aspect mat aux noirs riches et profonds. Sign\u00e9 et num\u00e9rot\u00e9 sur 12 exemplaires. Fine Art print on matt paper \/\/ Numbered to 12 copies and signed.<\/p>\n","protected":false},"featured_media":1851,"comment_status":"open","ping_status":"closed","template":"","meta":[],"product_cat":[21],"product_tag":[],"_links":{"self":[{"href":"https:\/\/joannamaeyens.com\/index.php?rest_route=\/wp\/v2\/product\/1850"}],"collection":[{"href":"https:\/\/joannamaeyens.com\/index.php?rest_route=\/wp\/v2\/product"}],"about":[{"href":"https:\/\/joannamaeyens.com\/index.php?rest_route=\/wp\/v2\/types\/product"}],"replies":[{"embeddable":true,"href":"https:\/\/joannamaeyens.com\/index.php?rest_route=%2Fwp%2Fv2%2Fcomments&post=1850"}],"version-history":[{"count":2,"href":"https:\/\/joannamaeyens.com\/index.php?rest_route=\/wp\/v2\/product\/1850\/revisions"}],"predecessor-version":[{"id":1853,"href":"https:\/\/joannamaeyens.com\/index.php?rest_route=\/wp\/v2\/product\/1850\/revisions\/1853"}],"wp:featuredmedia":[{"embeddable":true,"href":"https:\/\/joannamaeyens.com\/index.php?rest_route=\/wp\/v2\/media\/1851"}],"wp:attachment":[{"href":"https:\/\/joannamaeyens.com\/index.php?rest_route=%2Fwp%2Fv2%2Fmedia&parent=1850"}],"wp:term":[{"taxonomy":"product_cat","embeddable":true,"href":"https:\/\/joannamaeyens.com\/index.php?rest_route=%2Fwp%2Fv2%2Fproduct_cat&post=1850"},{"taxonomy":"product_tag","embeddable":true,"href":"https:\/\/joannamaeyens.com\/index.php?rest_route=%2Fwp%2Fv2%2Fproduct_tag&post=1850"}],"curies":[{"name":"wp","href":"https:\/\/api.w.org\/{rel}","templated":true}]}}